{"id":36,"date":"2017-02-01T23:31:39","date_gmt":"2017-02-01T22:31:39","guid":{"rendered":"http:\/\/kaefervergaser.de\/index.php\/versandarten\/"},"modified":"2026-02-02T12:44:55","modified_gmt":"2026-02-02T11:44:55","slug":"versandarten","status":"publish","type":"page","link":"https:\/\/kaefervergaser.de\/index.php\/versandarten\/","title":{"rendered":"Versandarten"},"content":{"rendered":"<h3 class=\"western\">Ich versende grunds\u00e4tzlich \u00fcber die Deutsche Post DHL Group und nur innerhalb Deutschlands<\/h3>\n<p>Die Versandkosten staffeln sich nach Gr\u00f6\u00dfe und Gewicht wie folgt:<\/p>\n<table style=\"width: 100%; height: 701px;\" border=\"1\" width=\"391\" cellspacing=\"0\" cellpadding=\"4\">\n<colgroup>\n<col width=\"102\" \/>\n<col width=\"122\" \/>\n<col width=\"141\" \/> <\/colgroup>\n<tbody>\n<tr style=\"height: 70px;\" valign=\"TOP\">\n<td style=\"height: 70px;\" bgcolor=\"#ff3333\" width=\"102\">\n<p align=\"CENTER\">Gewicht (g\/kg)<\/p>\n<\/td>\n<td style=\"height: 70px;\" bgcolor=\"#ff3333\" width=\"122\">\n<p align=\"CENTER\">Gr\u00f6\u00dfe<\/p>\n<\/td>\n<td style=\"height: 70px;\" bgcolor=\"#ff3333\" width=\"141\">\n<p align=\"CENTER\">Preis in Euro (\u20ac)<\/p>\n<\/td>\n<\/tr>\n<tr style=\"height: 70px;\" valign=\"TOP\">\n<td style=\"height: 70px;\" bgcolor=\"#ff3333\" width=\"102\">\n<p align=\"CENTER\">\n<\/td>\n<td style=\"height: 70px;\" bgcolor=\"#ff3333\" width=\"122\">\n<p align=\"CENTER\">\n<\/td>\n<td style=\"height: 70px;\" bgcolor=\"#ff3333\" width=\"141\">\n<p align=\"CENTER\">\n<\/td>\n<\/tr>\n<tr style=\"height: 70px;\" valign=\"TOP\">\n<td style=\"height: 70px;\" width=\"102\">\n<p align=\"CENTER\">Bis 20 g<\/p>\n<\/td>\n<td style=\"height: 70px;\" width=\"122\">\n<p align=\"CENTER\">Brief<\/p>\n<\/td>\n<td style=\"height: 70px;\" width=\"141\">\n<p align=\"CENTER\">0,90 \u20ac<\/p>\n<\/td>\n<\/tr>\n<tr style=\"height: 70px;\" valign=\"TOP\">\n<td style=\"height: 70px;\" width=\"102\">\n<p align=\"CENTER\">Bis 50 g<\/p>\n<\/td>\n<td style=\"height: 70px;\" width=\"122\">\n<p align=\"CENTER\">Brief<\/p>\n<\/td>\n<td style=\"height: 70px;\" width=\"141\">\n<p align=\"CENTER\">1,10 \u20ac<\/p>\n<\/td>\n<\/tr>\n<tr style=\"height: 112px;\" valign=\"TOP\">\n<td style=\"height: 112px;\" width=\"102\">\n<p align=\"CENTER\">Bis 250 g<\/p>\n<p align=\"CENTER\">Bis 500 g<\/p>\n<\/td>\n<td style=\"height: 112px;\" width=\"122\">\n<p align=\"CENTER\">gepolsterter Brief<\/p>\n<\/td>\n<td style=\"height: 112px;\" width=\"141\">\n<p align=\"CENTER\">2,80 \u20ac<\/p>\n<p align=\"CENTER\">4,00 \u20ac<\/p>\n<\/td>\n<\/tr>\n<tr style=\"height: 70px;\" valign=\"TOP\">\n<td style=\"height: 70px;\" width=\"102\">\n<p align=\"CENTER\">Bis 2 kg<\/p>\n<\/td>\n<td style=\"height: 70px;\" width=\"122\">\n<p align=\"CENTER\">Paket<\/p>\n<\/td>\n<td style=\"height: 70px;\" width=\"141\">\n<p align=\"CENTER\">6,50 \u20ac<\/p>\n<\/td>\n<\/tr>\n<tr style=\"height: 70px;\" valign=\"TOP\">\n<td style=\"height: 70px;\" width=\"102\">\n<p align=\"CENTER\">Bis 5 kg<\/p>\n<\/td>\n<td style=\"height: 70px;\" width=\"122\">\n<p align=\"CENTER\">Paket<\/p>\n<\/td>\n<td style=\"height: 70px;\" width=\"141\">\n<p align=\"CENTER\">8,- \u20ac<\/p>\n<\/td>\n<\/tr>\n<tr style=\"height: 70px;\" valign=\"TOP\">\n<td style=\"height: 70px;\" width=\"102\">\n<p align=\"CENTER\">Bis 10 kg<\/p>\n<\/td>\n<td style=\"height: 70px;\" width=\"122\">\n<p align=\"CENTER\">Paket<\/p>\n<\/td>\n<td style=\"height: 70px;\" width=\"141\">\n<p align=\"CENTER\">11,00 \u20ac<\/p>\n<\/td>\n<\/tr>\n<\/tbody>\n<\/table>\n<p align=\"LEFT\">Gewichte sind incl. Verpackung &amp; Verpackungsmaterial gerechnet<\/p>\n","protected":false},"excerpt":{"rendered":"<p>Ich versende grunds\u00e4tzlich \u00fcber die Deutsche Post DHL Group und nur innerhalb Deutschlands Die Versandkosten staffeln sich nach Gr\u00f6\u00dfe und<\/p>\n","protected":false},"author":1,"featured_media":0,"parent":0,"menu_order":0,"comment_status":"closed","ping_status":"closed","template":"","meta":{"colormag_page_container_layout":"default_layout","colormag_page_sidebar_layout":"default_layout","footnotes":""},"class_list":["post-36","page","type-page","status-publish","hentry"],"yoast_head":"<!-- This site is optimized with the Yoast SEO plugin v27.6 - https:\/\/yoast.com\/product\/yoast-seo-wordpress\/ -->\n<title>Versandarten rare-JRC<\/title>\n<meta name=\"description\" content=\"Versandarten rare-JRC\" \/>\n<meta name=\"robots\" content=\"index, follow, max-snippet:-1, max-image-preview:large, max-video-preview:-1\" \/>\n<link rel=\"canonical\" href=\"https:\/\/kaefervergaser.de\/index.php\/versandarten\/\" \/>\n<meta property=\"og:locale\" content=\"de_DE\" \/>\n<meta property=\"og:type\" content=\"article\" \/>\n<meta property=\"og:title\" content=\"Versandarten rare-JRC\" \/>\n<meta property=\"og:description\" content=\"Versandarten rare-JRC\" \/>\n<meta property=\"og:url\" content=\"https:\/\/kaefervergaser.de\/index.php\/versandarten\/\" \/>\n<meta property=\"og:site_name\" content=\"K\u00e4fervergaser.de\" \/>\n<meta property=\"article:modified_time\" content=\"2026-02-02T11:44:55+00:00\" \/>\n<meta name=\"twitter:card\" content=\"summary_large_image\" \/>\n<meta name=\"twitter:label1\" content=\"Gesch\u00e4tzte Lesezeit\" \/>\n\t<meta name=\"twitter:data1\" content=\"1\u00a0Minute\" \/>\n<script type=\"application\/ld+json\" class=\"yoast-schema-graph\">{\"@context\":\"https:\\\/\\\/schema.org\",\"@graph\":[{\"@type\":\"WebPage\",\"@id\":\"https:\\\/\\\/kaefervergaser.de\\\/index.php\\\/versandarten\\\/\",\"url\":\"https:\\\/\\\/kaefervergaser.de\\\/index.php\\\/versandarten\\\/\",\"name\":\"Versandarten rare-JRC\",\"isPartOf\":{\"@id\":\"https:\\\/\\\/kaefervergaser.de\\\/#website\"},\"datePublished\":\"2017-02-01T22:31:39+00:00\",\"dateModified\":\"2026-02-02T11:44:55+00:00\",\"description\":\"Versandarten rare-JRC\",\"breadcrumb\":{\"@id\":\"https:\\\/\\\/kaefervergaser.de\\\/index.php\\\/versandarten\\\/#breadcrumb\"},\"inLanguage\":\"de\",\"potentialAction\":[{\"@type\":\"ReadAction\",\"target\":[\"https:\\\/\\\/kaefervergaser.de\\\/index.php\\\/versandarten\\\/\"]}]},{\"@type\":\"BreadcrumbList\",\"@id\":\"https:\\\/\\\/kaefervergaser.de\\\/index.php\\\/versandarten\\\/#breadcrumb\",\"itemListElement\":[{\"@type\":\"ListItem\",\"position\":1,\"name\":\"Startseite\",\"item\":\"https:\\\/\\\/kaefervergaser.de\\\/\"},{\"@type\":\"ListItem\",\"position\":2,\"name\":\"Versandarten\"}]},{\"@type\":\"WebSite\",\"@id\":\"https:\\\/\\\/kaefervergaser.de\\\/#website\",\"url\":\"https:\\\/\\\/kaefervergaser.de\\\/\",\"name\":\"K\u00e4fervergaser.de\",\"description\":\"Der Shop rund um VW K\u00e4fer-Vergaseranlagen\",\"publisher\":{\"@id\":\"https:\\\/\\\/kaefervergaser.de\\\/#organization\"},\"potentialAction\":[{\"@type\":\"SearchAction\",\"target\":{\"@type\":\"EntryPoint\",\"urlTemplate\":\"https:\\\/\\\/kaefervergaser.de\\\/?s={search_term_string}\"},\"query-input\":{\"@type\":\"PropertyValueSpecification\",\"valueRequired\":true,\"valueName\":\"search_term_string\"}}],\"inLanguage\":\"de\"},{\"@type\":\"Organization\",\"@id\":\"https:\\\/\\\/kaefervergaser.de\\\/#organization\",\"name\":\"K\u00e4fervergaser.de\",\"url\":\"https:\\\/\\\/kaefervergaser.de\\\/\",\"logo\":{\"@type\":\"ImageObject\",\"inLanguage\":\"de\",\"@id\":\"https:\\\/\\\/kaefervergaser.de\\\/#\\\/schema\\\/logo\\\/image\\\/\",\"url\":\"https:\\\/\\\/kaefervergaser.de\\\/wp-content\\\/uploads\\\/2021\\\/09\\\/6.jpg\",\"contentUrl\":\"https:\\\/\\\/kaefervergaser.de\\\/wp-content\\\/uploads\\\/2021\\\/09\\\/6.jpg\",\"width\":400,\"height\":267,\"caption\":\"K\u00e4fervergaser.de\"},\"image\":{\"@id\":\"https:\\\/\\\/kaefervergaser.de\\\/#\\\/schema\\\/logo\\\/image\\\/\"}}]}<\/script>\n<!-- \/ Yoast SEO plugin. -->","yoast_head_json":{"title":"Versandarten rare-JRC","description":"Versandarten rare-JRC","robots":{"index":"index","follow":"follow","max-snippet":"max-snippet:-1","max-image-preview":"max-image-preview:large","max-video-preview":"max-video-preview:-1"},"canonical":"https:\/\/kaefervergaser.de\/index.php\/versandarten\/","og_locale":"de_DE","og_type":"article","og_title":"Versandarten rare-JRC","og_description":"Versandarten rare-JRC","og_url":"https:\/\/kaefervergaser.de\/index.php\/versandarten\/","og_site_name":"K\u00e4fervergaser.de","article_modified_time":"2026-02-02T11:44:55+00:00","twitter_card":"summary_large_image","twitter_misc":{"Gesch\u00e4tzte Lesezeit":"1\u00a0Minute"},"schema":{"@context":"https:\/\/schema.org","@graph":[{"@type":"WebPage","@id":"https:\/\/kaefervergaser.de\/index.php\/versandarten\/","url":"https:\/\/kaefervergaser.de\/index.php\/versandarten\/","name":"Versandarten rare-JRC","isPartOf":{"@id":"https:\/\/kaefervergaser.de\/#website"},"datePublished":"2017-02-01T22:31:39+00:00","dateModified":"2026-02-02T11:44:55+00:00","description":"Versandarten rare-JRC","breadcrumb":{"@id":"https:\/\/kaefervergaser.de\/index.php\/versandarten\/#breadcrumb"},"inLanguage":"de","potentialAction":[{"@type":"ReadAction","target":["https:\/\/kaefervergaser.de\/index.php\/versandarten\/"]}]},{"@type":"BreadcrumbList","@id":"https:\/\/kaefervergaser.de\/index.php\/versandarten\/#breadcrumb","itemListElement":[{"@type":"ListItem","position":1,"name":"Startseite","item":"https:\/\/kaefervergaser.de\/"},{"@type":"ListItem","position":2,"name":"Versandarten"}]},{"@type":"WebSite","@id":"https:\/\/kaefervergaser.de\/#website","url":"https:\/\/kaefervergaser.de\/","name":"K\u00e4fervergaser.de","description":"Der Shop rund um VW K\u00e4fer-Vergaseranlagen","publisher":{"@id":"https:\/\/kaefervergaser.de\/#organization"},"potentialAction":[{"@type":"SearchAction","target":{"@type":"EntryPoint","urlTemplate":"https:\/\/kaefervergaser.de\/?s={search_term_string}"},"query-input":{"@type":"PropertyValueSpecification","valueRequired":true,"valueName":"search_term_string"}}],"inLanguage":"de"},{"@type":"Organization","@id":"https:\/\/kaefervergaser.de\/#organization","name":"K\u00e4fervergaser.de","url":"https:\/\/kaefervergaser.de\/","logo":{"@type":"ImageObject","inLanguage":"de","@id":"https:\/\/kaefervergaser.de\/#\/schema\/logo\/image\/","url":"https:\/\/kaefervergaser.de\/wp-content\/uploads\/2021\/09\/6.jpg","contentUrl":"https:\/\/kaefervergaser.de\/wp-content\/uploads\/2021\/09\/6.jpg","width":400,"height":267,"caption":"K\u00e4fervergaser.de"},"image":{"@id":"https:\/\/kaefervergaser.de\/#\/schema\/logo\/image\/"}}]}},"_links":{"self":[{"href":"https:\/\/kaefervergaser.de\/index.php\/wp-json\/wp\/v2\/pages\/36","targetHints":{"allow":["GET"]}}],"collection":[{"href":"https:\/\/kaefervergaser.de\/index.php\/wp-json\/wp\/v2\/pages"}],"about":[{"href":"https:\/\/kaefervergaser.de\/index.php\/wp-json\/wp\/v2\/types\/page"}],"author":[{"embeddable":true,"href":"https:\/\/kaefervergaser.de\/index.php\/wp-json\/wp\/v2\/users\/1"}],"replies":[{"embeddable":true,"href":"https:\/\/kaefervergaser.de\/index.php\/wp-json\/wp\/v2\/comments?post=36"}],"version-history":[{"count":17,"href":"https:\/\/kaefervergaser.de\/index.php\/wp-json\/wp\/v2\/pages\/36\/revisions"}],"predecessor-version":[{"id":4095,"href":"https:\/\/kaefervergaser.de\/index.php\/wp-json\/wp\/v2\/pages\/36\/revisions\/4095"}],"wp:attachment":[{"href":"https:\/\/kaefervergaser.de\/index.php\/wp-json\/wp\/v2\/media?parent=36"}],"curies":[{"name":"wp","href":"https:\/\/api.w.org\/{rel}","templated":true}]}}