{"id":1764,"date":"2019-12-20T09:06:49","date_gmt":"2019-12-20T08:06:49","guid":{"rendered":"https:\/\/kaefervergaser.de\/?post_type=product&#038;p=1764"},"modified":"2026-04-29T11:55:51","modified_gmt":"2026-04-29T09:55:51","slug":"solex-vergaser-30-pict-2-vw-kaefer-12v-40ps-generalueberholt-113129027r","status":"publish","type":"product","link":"https:\/\/kaefervergaser.de\/index.php\/produkt\/solex-vergaser-30-pict-2-vw-kaefer-12v-40ps-generalueberholt-113129027r\/","title":{"rendered":"Solex Vergaser 30 PICT-2 VW K\u00e4fer 12V &#8211; 40PS general\u00fcberholt 113129027R"},"content":{"rendered":"<div id=\"ds_div\">\n<div style=\"text-align: center;\" align=\"center\"><strong>Originaler Solex 30 PICT-2 Vergaser (kein Nachbau!!)<\/strong><\/div>\n<div style=\"text-align: center;\" align=\"center\"><strong>Passend f\u00fcr den VW K\u00e4fer mit 40PS &#8211; 12V. \u00b401\/68 bis \u00b408\/69<br \/>\n<\/strong><\/div>\n<div style=\"text-align: center;\" align=\"center\"><strong>Sockelnummer &#8222;132-2&#8220;<\/strong><br \/>\n<strong>Motorkennbuchstabe F<\/strong><\/div>\n<div align=\"center\"><strong>Original Fahnen Nr. 113 129 027 R<br \/>\n<\/strong><\/div>\n<div style=\"text-align: center;\" align=\"center\">\n<p><strong>Passt auch in anderen Typ1 Motoren.<\/strong><\/p>\n<\/div>\n<p style=\"text-align: center;\"><strong>Der Solex Vergaser wurde komplett zerlegt und gereinigt.<\/strong><\/p>\n<\/div>\n<div style=\"text-align: center;\"><strong>Das Vergasergeh\u00e4use wurde glasperlengestrahlt.<\/strong><\/div>\n<div style=\"text-align: center;\"><strong>Anbauteile wurden hellgelb chromatiert.<\/strong><br \/>\n<strong> Alle Dichtungen und Membranen sind neu (hochwertige Auf\u00fchrung &#8211; rote Membranen).<\/strong><\/div>\n<div><\/div>\n<div style=\"text-align: center;\"><strong>Die Drosselklappenwelle wurde zus\u00e4tzlich bearbeitet um Falschluft dauerhaft zu vermeinden!<\/strong><\/div>\n<div style=\"text-align: center;\"><strong>Elektrische Bauteile wurden auf Funktion gepr\u00fcft.<\/strong><\/div>\n<div style=\"text-align: center;\"><strong>Schrauben wurden gegen V2A Schrauben in Originaloptik ersetzt.<\/strong><\/div>\n<div style=\"text-align: center;\"><strong>Der Vergaser kommt in Werkseinstellung, <\/strong><\/div>\n<div style=\"text-align: center;\"><strong>muss daher auf jedem Motor nochmals feineingestellt werden.<\/strong><\/div>\n<div style=\"text-align: center;\"><strong>Eine neue Vergaserfussdichtung wird beigelegt.<\/strong><\/div>\n<div><\/div>\n<div>\n<div style=\"text-align: center;\"><strong>Er wurde mit der originalen Bed\u00fcsung best\u00fcckt, <\/strong><\/div>\n<div style=\"text-align: center;\"><strong>eventuelle \u00c4nderungen bitte nach Bestellung mitteilen. Auch eine Umr\u00fcstung auf 6V ist m\u00f6glich!<\/strong><\/div>\n<\/div>\n<div><\/div>\n<div style=\"text-align: center;\"><strong>Hauptd\u00fcse x125<\/strong><\/div>\n<div style=\"text-align: center;\"><strong>Luftkorrekturd\u00fcse 125z<\/strong><br \/>\n<strong> Leerlaufd\u00fcse G55 12V<\/strong><\/div>\n<div style=\"text-align: center;\"><strong>\u00a0<\/strong><\/div>\n<div><\/div>\n<div style=\"text-align: center;\">\n<p><strong><span style=\"font-size: 12pt;\"> Alle Vergaser werden mit einem Jahr Gew\u00e4hrleistung, sowie gesetzlicher Rechnung gem\u00e4\u00df \u00a719 UStG ausgeliefert.Sollten Gew\u00e4hrleistungsanspr\u00fcche (\u00a7476 BGB) geltend gemacht werden, beziehen sich diese auf den Vergaser selbst,nicht auf Motorsch\u00e4den die durch falschen Einbauoder falscher Motor-\/Vergaserabstimmung zustande kommen.<\/span><\/strong><\/p>\n<\/div>\n<div style=\"text-align: center;\">\n<h3 align=\"CENTER\"><\/h3>\n<div align=\"center\"><span style=\"font-size: large;\"><span style=\"font-size: medium;\"><b><img decoding=\"async\" class=\"thumbnail\" src=\"https:\/\/kaefervergaser.de\/wp-content\/uploads\/2021\/09\/6.jpg\" alt=\"\" \/>\u00a0 <\/b><\/span><\/span><\/div>\n<\/div>\n<p>&nbsp;<\/p>\n","protected":false},"excerpt":{"rendered":"<p><strong>Solex 30 PICT-2<\/strong><\/p>\n<h5><b>\u00a0<\/b><\/h5>\n","protected":false},"featured_media":4057,"template":"","meta":{"colormag_page_container_layout":"default_layout","colormag_page_sidebar_layout":"default_layout"},"product_brand":[],"product_cat":[14],"product_tag":[],"class_list":{"0":"post-1764","1":"product","2":"type-product","3":"status-publish","4":"has-post-thumbnail","6":"product_cat-originale-solex-vergaser-kaeferco","7":"product_shipping_class-paket_5kg","9":"first","10":"instock","11":"shipping-taxable","12":"purchasable","13":"product-type-simple"},"yoast_head":"<!-- This site is optimized with the Yoast SEO plugin v27.5 - https:\/\/yoast.com\/product\/yoast-seo-wordpress\/ -->\n<title>Solex Vergaser 30 PICT-2 VW K\u00e4fer 12V - 40PS general\u00fcberholt 113129027R<\/title>\n<meta name=\"description\" content=\"Solex Vergaser 30 PICT-2 VW K\u00e4fer 12V - 40PS general\u00fcberholt 113129027R\" \/>\n<meta name=\"robots\" content=\"index, follow, max-snippet:-1, max-image-preview:large, max-video-preview:-1\" \/>\n<link rel=\"canonical\" href=\"https:\/\/kaefervergaser.de\/index.php\/produkt\/solex-vergaser-30-pict-2-vw-kaefer-12v-40ps-generalueberholt-113129027r\/\" \/>\n<meta property=\"og:locale\" content=\"de_DE\" \/>\n<meta property=\"og:type\" content=\"article\" \/>\n<meta property=\"og:title\" content=\"Solex Vergaser 30 PICT-2 VW K\u00e4fer 12V - 40PS general\u00fcberholt 113129027R\" \/>\n<meta property=\"og:description\" content=\"Solex Vergaser 30 PICT-2 VW K\u00e4fer 12V - 40PS general\u00fcberholt 113129027R\" \/>\n<meta property=\"og:url\" content=\"https:\/\/kaefervergaser.de\/index.php\/produkt\/solex-vergaser-30-pict-2-vw-kaefer-12v-40ps-generalueberholt-113129027r\/\" \/>\n<meta property=\"og:site_name\" content=\"K\u00e4fervergaser.de\" \/>\n<meta property=\"article:modified_time\" content=\"2026-04-29T09:55:51+00:00\" \/>\n<meta property=\"og:image\" content=\"https:\/\/kaefervergaser.de\/wp-content\/uploads\/2019\/12\/IMG_3909-scaled.jpg\" \/>\n\t<meta property=\"og:image:width\" content=\"2560\" \/>\n\t<meta property=\"og:image:height\" content=\"1707\" \/>\n\t<meta property=\"og:image:type\" content=\"image\/jpeg\" \/>\n<meta name=\"twitter:card\" content=\"summary_large_image\" \/>\n<meta name=\"twitter:label1\" content=\"Gesch\u00e4tzte Lesezeit\" \/>\n\t<meta name=\"twitter:data1\" content=\"2\u00a0Minuten\" \/>\n<script type=\"application\/ld+json\" class=\"yoast-schema-graph\">{\"@context\":\"https:\\\/\\\/schema.org\",\"@graph\":[{\"@type\":\"WebPage\",\"@id\":\"https:\\\/\\\/kaefervergaser.de\\\/index.php\\\/produkt\\\/solex-vergaser-30-pict-2-vw-kaefer-12v-40ps-generalueberholt-113129027r\\\/\",\"url\":\"https:\\\/\\\/kaefervergaser.de\\\/index.php\\\/produkt\\\/solex-vergaser-30-pict-2-vw-kaefer-12v-40ps-generalueberholt-113129027r\\\/\",\"name\":\"Solex Vergaser 30 PICT-2 VW K\u00e4fer 12V - 40PS general\u00fcberholt 113129027R\",\"isPartOf\":{\"@id\":\"https:\\\/\\\/kaefervergaser.de\\\/#website\"},\"primaryImageOfPage\":{\"@id\":\"https:\\\/\\\/kaefervergaser.de\\\/index.php\\\/produkt\\\/solex-vergaser-30-pict-2-vw-kaefer-12v-40ps-generalueberholt-113129027r\\\/#primaryimage\"},\"image\":{\"@id\":\"https:\\\/\\\/kaefervergaser.de\\\/index.php\\\/produkt\\\/solex-vergaser-30-pict-2-vw-kaefer-12v-40ps-generalueberholt-113129027r\\\/#primaryimage\"},\"thumbnailUrl\":\"https:\\\/\\\/kaefervergaser.de\\\/wp-content\\\/uploads\\\/2019\\\/12\\\/IMG_3909-scaled.jpg\",\"datePublished\":\"2019-12-20T08:06:49+00:00\",\"dateModified\":\"2026-04-29T09:55:51+00:00\",\"description\":\"Solex Vergaser 30 PICT-2 VW K\u00e4fer 12V - 40PS general\u00fcberholt 113129027R\",\"breadcrumb\":{\"@id\":\"https:\\\/\\\/kaefervergaser.de\\\/index.php\\\/produkt\\\/solex-vergaser-30-pict-2-vw-kaefer-12v-40ps-generalueberholt-113129027r\\\/#breadcrumb\"},\"inLanguage\":\"de\",\"potentialAction\":[{\"@type\":\"ReadAction\",\"target\":[\"https:\\\/\\\/kaefervergaser.de\\\/index.php\\\/produkt\\\/solex-vergaser-30-pict-2-vw-kaefer-12v-40ps-generalueberholt-113129027r\\\/\"]}]},{\"@type\":\"ImageObject\",\"inLanguage\":\"de\",\"@id\":\"https:\\\/\\\/kaefervergaser.de\\\/index.php\\\/produkt\\\/solex-vergaser-30-pict-2-vw-kaefer-12v-40ps-generalueberholt-113129027r\\\/#primaryimage\",\"url\":\"https:\\\/\\\/kaefervergaser.de\\\/wp-content\\\/uploads\\\/2019\\\/12\\\/IMG_3909-scaled.jpg\",\"contentUrl\":\"https:\\\/\\\/kaefervergaser.de\\\/wp-content\\\/uploads\\\/2019\\\/12\\\/IMG_3909-scaled.jpg\",\"width\":2560,\"height\":1707,\"caption\":\"Solex Vergaser 30 PICT-2 VW K\u00e4fer 12V - 40PS general\u00fcberholt 113129027R\"},{\"@type\":\"BreadcrumbList\",\"@id\":\"https:\\\/\\\/kaefervergaser.de\\\/index.php\\\/produkt\\\/solex-vergaser-30-pict-2-vw-kaefer-12v-40ps-generalueberholt-113129027r\\\/#breadcrumb\",\"itemListElement\":[{\"@type\":\"ListItem\",\"position\":1,\"name\":\"Startseite\",\"item\":\"https:\\\/\\\/kaefervergaser.de\\\/\"},{\"@type\":\"ListItem\",\"position\":2,\"name\":\"Shop\",\"item\":\"https:\\\/\\\/kaefervergaser.de\\\/\"},{\"@type\":\"ListItem\",\"position\":3,\"name\":\"Solex Vergaser 30 PICT-2 VW K\u00e4fer 12V &#8211; 40PS general\u00fcberholt 113129027R\"}]},{\"@type\":\"WebSite\",\"@id\":\"https:\\\/\\\/kaefervergaser.de\\\/#website\",\"url\":\"https:\\\/\\\/kaefervergaser.de\\\/\",\"name\":\"K\u00e4fervergaser.de\",\"description\":\"Der Shop rund um VW K\u00e4fer-Vergaseranlagen\",\"publisher\":{\"@id\":\"https:\\\/\\\/kaefervergaser.de\\\/#organization\"},\"potentialAction\":[{\"@type\":\"SearchAction\",\"target\":{\"@type\":\"EntryPoint\",\"urlTemplate\":\"https:\\\/\\\/kaefervergaser.de\\\/?s={search_term_string}\"},\"query-input\":{\"@type\":\"PropertyValueSpecification\",\"valueRequired\":true,\"valueName\":\"search_term_string\"}}],\"inLanguage\":\"de\"},{\"@type\":\"Organization\",\"@id\":\"https:\\\/\\\/kaefervergaser.de\\\/#organization\",\"name\":\"K\u00e4fervergaser.de\",\"url\":\"https:\\\/\\\/kaefervergaser.de\\\/\",\"logo\":{\"@type\":\"ImageObject\",\"inLanguage\":\"de\",\"@id\":\"https:\\\/\\\/kaefervergaser.de\\\/#\\\/schema\\\/logo\\\/image\\\/\",\"url\":\"https:\\\/\\\/kaefervergaser.de\\\/wp-content\\\/uploads\\\/2021\\\/09\\\/6.jpg\",\"contentUrl\":\"https:\\\/\\\/kaefervergaser.de\\\/wp-content\\\/uploads\\\/2021\\\/09\\\/6.jpg\",\"width\":400,\"height\":267,\"caption\":\"K\u00e4fervergaser.de\"},\"image\":{\"@id\":\"https:\\\/\\\/kaefervergaser.de\\\/#\\\/schema\\\/logo\\\/image\\\/\"}}]}<\/script>\n<!-- \/ Yoast SEO plugin. -->","yoast_head_json":{"title":"Solex Vergaser 30 PICT-2 VW K\u00e4fer 12V - 40PS general\u00fcberholt 113129027R","description":"Solex Vergaser 30 PICT-2 VW K\u00e4fer 12V - 40PS general\u00fcberholt 113129027R","robots":{"index":"index","follow":"follow","max-snippet":"max-snippet:-1","max-image-preview":"max-image-preview:large","max-video-preview":"max-video-preview:-1"},"canonical":"https:\/\/kaefervergaser.de\/index.php\/produkt\/solex-vergaser-30-pict-2-vw-kaefer-12v-40ps-generalueberholt-113129027r\/","og_locale":"de_DE","og_type":"article","og_title":"Solex Vergaser 30 PICT-2 VW K\u00e4fer 12V - 40PS general\u00fcberholt 113129027R","og_description":"Solex Vergaser 30 PICT-2 VW K\u00e4fer 12V - 40PS general\u00fcberholt 113129027R","og_url":"https:\/\/kaefervergaser.de\/index.php\/produkt\/solex-vergaser-30-pict-2-vw-kaefer-12v-40ps-generalueberholt-113129027r\/","og_site_name":"K\u00e4fervergaser.de","article_modified_time":"2026-04-29T09:55:51+00:00","og_image":[{"width":2560,"height":1707,"url":"https:\/\/kaefervergaser.de\/wp-content\/uploads\/2019\/12\/IMG_3909-scaled.jpg","type":"image\/jpeg"}],"twitter_card":"summary_large_image","twitter_misc":{"Gesch\u00e4tzte Lesezeit":"2\u00a0Minuten"},"schema":{"@context":"https:\/\/schema.org","@graph":[{"@type":"WebPage","@id":"https:\/\/kaefervergaser.de\/index.php\/produkt\/solex-vergaser-30-pict-2-vw-kaefer-12v-40ps-generalueberholt-113129027r\/","url":"https:\/\/kaefervergaser.de\/index.php\/produkt\/solex-vergaser-30-pict-2-vw-kaefer-12v-40ps-generalueberholt-113129027r\/","name":"Solex Vergaser 30 PICT-2 VW K\u00e4fer 12V - 40PS general\u00fcberholt 113129027R","isPartOf":{"@id":"https:\/\/kaefervergaser.de\/#website"},"primaryImageOfPage":{"@id":"https:\/\/kaefervergaser.de\/index.php\/produkt\/solex-vergaser-30-pict-2-vw-kaefer-12v-40ps-generalueberholt-113129027r\/#primaryimage"},"image":{"@id":"https:\/\/kaefervergaser.de\/index.php\/produkt\/solex-vergaser-30-pict-2-vw-kaefer-12v-40ps-generalueberholt-113129027r\/#primaryimage"},"thumbnailUrl":"https:\/\/kaefervergaser.de\/wp-content\/uploads\/2019\/12\/IMG_3909-scaled.jpg","datePublished":"2019-12-20T08:06:49+00:00","dateModified":"2026-04-29T09:55:51+00:00","description":"Solex Vergaser 30 PICT-2 VW K\u00e4fer 12V - 40PS general\u00fcberholt 113129027R","breadcrumb":{"@id":"https:\/\/kaefervergaser.de\/index.php\/produkt\/solex-vergaser-30-pict-2-vw-kaefer-12v-40ps-generalueberholt-113129027r\/#breadcrumb"},"inLanguage":"de","potentialAction":[{"@type":"ReadAction","target":["https:\/\/kaefervergaser.de\/index.php\/produkt\/solex-vergaser-30-pict-2-vw-kaefer-12v-40ps-generalueberholt-113129027r\/"]}]},{"@type":"ImageObject","inLanguage":"de","@id":"https:\/\/kaefervergaser.de\/index.php\/produkt\/solex-vergaser-30-pict-2-vw-kaefer-12v-40ps-generalueberholt-113129027r\/#primaryimage","url":"https:\/\/kaefervergaser.de\/wp-content\/uploads\/2019\/12\/IMG_3909-scaled.jpg","contentUrl":"https:\/\/kaefervergaser.de\/wp-content\/uploads\/2019\/12\/IMG_3909-scaled.jpg","width":2560,"height":1707,"caption":"Solex Vergaser 30 PICT-2 VW K\u00e4fer 12V - 40PS general\u00fcberholt 113129027R"},{"@type":"BreadcrumbList","@id":"https:\/\/kaefervergaser.de\/index.php\/produkt\/solex-vergaser-30-pict-2-vw-kaefer-12v-40ps-generalueberholt-113129027r\/#breadcrumb","itemListElement":[{"@type":"ListItem","position":1,"name":"Startseite","item":"https:\/\/kaefervergaser.de\/"},{"@type":"ListItem","position":2,"name":"Shop","item":"https:\/\/kaefervergaser.de\/"},{"@type":"ListItem","position":3,"name":"Solex Vergaser 30 PICT-2 VW K\u00e4fer 12V &#8211; 40PS general\u00fcberholt 113129027R"}]},{"@type":"WebSite","@id":"https:\/\/kaefervergaser.de\/#website","url":"https:\/\/kaefervergaser.de\/","name":"K\u00e4fervergaser.de","description":"Der Shop rund um VW K\u00e4fer-Vergaseranlagen","publisher":{"@id":"https:\/\/kaefervergaser.de\/#organization"},"potentialAction":[{"@type":"SearchAction","target":{"@type":"EntryPoint","urlTemplate":"https:\/\/kaefervergaser.de\/?s={search_term_string}"},"query-input":{"@type":"PropertyValueSpecification","valueRequired":true,"valueName":"search_term_string"}}],"inLanguage":"de"},{"@type":"Organization","@id":"https:\/\/kaefervergaser.de\/#organization","name":"K\u00e4fervergaser.de","url":"https:\/\/kaefervergaser.de\/","logo":{"@type":"ImageObject","inLanguage":"de","@id":"https:\/\/kaefervergaser.de\/#\/schema\/logo\/image\/","url":"https:\/\/kaefervergaser.de\/wp-content\/uploads\/2021\/09\/6.jpg","contentUrl":"https:\/\/kaefervergaser.de\/wp-content\/uploads\/2021\/09\/6.jpg","width":400,"height":267,"caption":"K\u00e4fervergaser.de"},"image":{"@id":"https:\/\/kaefervergaser.de\/#\/schema\/logo\/image\/"}}]}},"_links":{"self":[{"href":"https:\/\/kaefervergaser.de\/index.php\/wp-json\/wp\/v2\/product\/1764","targetHints":{"allow":["GET"]}}],"collection":[{"href":"https:\/\/kaefervergaser.de\/index.php\/wp-json\/wp\/v2\/product"}],"about":[{"href":"https:\/\/kaefervergaser.de\/index.php\/wp-json\/wp\/v2\/types\/product"}],"wp:featuredmedia":[{"embeddable":true,"href":"https:\/\/kaefervergaser.de\/index.php\/wp-json\/wp\/v2\/media\/4057"}],"wp:attachment":[{"href":"https:\/\/kaefervergaser.de\/index.php\/wp-json\/wp\/v2\/media?parent=1764"}],"wp:term":[{"taxonomy":"product_brand","embeddable":true,"href":"https:\/\/kaefervergaser.de\/index.php\/wp-json\/wp\/v2\/product_brand?post=1764"},{"taxonomy":"product_cat","embeddable":true,"href":"https:\/\/kaefervergaser.de\/index.php\/wp-json\/wp\/v2\/product_cat?post=1764"},{"taxonomy":"product_tag","embeddable":true,"href":"https:\/\/kaefervergaser.de\/index.php\/wp-json\/wp\/v2\/product_tag?post=1764"}],"curies":[{"name":"wp","href":"https:\/\/api.w.org\/{rel}","templated":true}]}}