{"id":3658,"date":"2023-04-30T18:15:24","date_gmt":"2023-04-30T16:15:24","guid":{"rendered":"https:\/\/kaefervergaser.de\/?post_type=product&#038;p=3658"},"modified":"2024-02-06T10:42:19","modified_gmt":"2024-02-06T09:42:19","slug":"solex-vergaser-31-pict-4-vw-kaefer-1300-1302-1303-44-ps-generalueberholt-113129021k","status":"publish","type":"product","link":"https:\/\/kaefervergaser.de\/index.php\/produkt\/solex-vergaser-31-pict-4-vw-kaefer-1300-1302-1303-44-ps-generalueberholt-113129021k\/","title":{"rendered":"Solex Vergaser 31 PICT-4 VW K\u00e4fer 1300 1302 1303 44 PS general\u00fcberholt 113129021K"},"content":{"rendered":"<div id=\"ds_div\">\n<div style=\"text-align: center;\" align=\"center\"><strong>Originaler Solex 31 PICT-4 Vergaser (kein Nachbau!!)<\/strong><\/div>\n<div style=\"text-align: center;\" align=\"center\"><strong>Passend f\u00fcr den VW K\u00e4fer mit 44PS<br \/>\n<\/strong><\/div>\n<div style=\"text-align: center;\" align=\"center\"><strong>Sockelnummer &#8222;449&#8220;, stammt aus einem VW K\u00e4fer 1300 ab \u00b408\/1973 bis \u00b406\/1977 <\/strong><\/div>\n<div style=\"text-align: center;\" align=\"center\"><strong>Original Fahnen mit der Nr. 113 129 021 K<\/strong><br \/>\n<strong>Motorkennbuchstabe AR<br \/>\n<\/strong><\/div>\n<div style=\"text-align: center;\" align=\"center\">\n<p><strong>Passt auch in anderen Typ1 Motoren wie den AB.<\/strong><\/p>\n<h3 align=\"CENTER\"><strong>\u00a0<\/strong><\/h3>\n<\/div>\n<p style=\"text-align: center;\"><strong>Der Solex Vergaser wurde komplett zerlegt und gereinigt.<\/strong><\/p>\n<\/div>\n<div style=\"text-align: center;\"><strong>Das Vergasergeh\u00e4use wurde glasperlengestrahlt.<\/strong><\/div>\n<div style=\"text-align: center;\"><strong>Anbauteile wurden hellgelb chromatiert.<\/strong><br \/>\n<strong> Alle Dichtungen und Membranen sind neu (hochwertige Auf\u00fchrung &#8211; rote Membranen).<\/strong><\/div>\n<div style=\"text-align: center;\"><\/div>\n<div style=\"text-align: center;\"><strong>Des Weiteren wurden neue PTFE Gleitlager verbaut.<\/strong><\/div>\n<div style=\"text-align: center;\"><strong>Die Drosselklappenwelle wurde zus\u00e4tzlich bearbeitet um Falschluft dauerhaft zu vermeinden!<\/strong><\/div>\n<div style=\"text-align: center;\"><strong>Elektrische Bauteile wurden auf Funktion gepr\u00fcft.<\/strong><\/div>\n<div style=\"text-align: center;\"><strong>Schrauben wurden gegen V2A Schrauben in Originaloptik ersetzt.<\/strong><\/div>\n<div style=\"text-align: center;\"><strong>Der Vergaser kommt in Werkseinstellung, <\/strong><\/div>\n<div style=\"text-align: center;\"><strong>muss daher auf jedem Motor nochmals feineingestellt werden.<\/strong><\/div>\n<div style=\"text-align: center;\"><strong>Eine neue Vergaserfussdichtung wird beigelegt.<\/strong><\/div>\n<div><\/div>\n<div>\n<div style=\"text-align: center;\"><strong>Er wurde mit der originalen Bed\u00fcsung best\u00fcckt, <\/strong><\/div>\n<div style=\"text-align: center;\"><strong>eventuelle \u00c4nderungen bitte nach Bestellung mitteilen!<\/strong><\/div>\n<\/div>\n<div><\/div>\n<div style=\"text-align: center;\"><strong>Hauptd\u00fcse x130<\/strong><\/div>\n<div style=\"text-align: center;\"><strong>Luftkorrekturd\u00fcse 110z<\/strong><br \/>\n<strong> Leerlaufd\u00fcse G52,5<\/strong><\/div>\n<div style=\"text-align: center;\"><strong>Zusatzd\u00fcse G45<br \/>\n<\/strong><\/div>\n<div><\/div>\n<div style=\"text-align: center;\">\n<p><strong><span style=\"font-size: 12pt;\"> Alle Vergaser werden mit einem Jahr Gew\u00e4hrleistung, sowie gesetzlicher Rechnung gem\u00e4\u00df \u00a719 UStG ausgeliefert.Sollten Gew\u00e4hrleistungsanspr\u00fcche (\u00a7476 BGB) geltend gemacht werden, beziehen sich diese auf den Vergaser selbst,nicht auf Motorsch\u00e4den die durch falschen Einbauoder falscher Motor-\/Vergaserabstimmung zustande kommen.<\/span><\/strong><\/p>\n<\/div>\n<div style=\"text-align: center;\">\n<h3 align=\"CENTER\"><\/h3>\n<div align=\"center\"><span style=\"font-size: large;\"><span style=\"font-size: medium;\"><b><img decoding=\"async\" class=\"thumbnail\" src=\"https:\/\/kaefervergaser.de\/wp-content\/uploads\/2021\/09\/6.jpg\" alt=\"\" \/>\u00a0 <\/b><\/span><\/span><\/div>\n<\/div>\n<p>&nbsp;<\/p>\n","protected":false},"excerpt":{"rendered":"<p><strong>Solex 31 PICT-4<\/strong><\/p>\n<h5><b>\u00a0<\/b><\/h5>\n","protected":false},"featured_media":3659,"template":"","meta":{"colormag_page_container_layout":"default_layout","colormag_page_sidebar_layout":"default_layout"},"product_brand":[],"product_cat":[14],"product_tag":[],"class_list":{"0":"post-3658","1":"product","2":"type-product","3":"status-publish","4":"has-post-thumbnail","6":"product_cat-originale-solex-vergaser-kaeferco","7":"product_shipping_class-paket_5kg","9":"first","10":"outofstock","11":"shipping-taxable","12":"purchasable","13":"product-type-simple"},"yoast_head":"<!-- This site is optimized with the Yoast SEO plugin v27.4 - https:\/\/yoast.com\/product\/yoast-seo-wordpress\/ -->\n<title>Solex Vergaser 31 PICT-4 VW K\u00e4fer 1300 1302 1303 44 PS general\u00fcberholt 113129021K - K\u00e4fervergaser.de<\/title>\n<meta name=\"description\" content=\"Solex Vergaser 31 PICT-4 VW K\u00e4fer 1300 1302 1303 44 PS general\u00fcberholt 113129021 K\" \/>\n<meta name=\"robots\" content=\"index, follow, max-snippet:-1, max-image-preview:large, max-video-preview:-1\" \/>\n<link rel=\"canonical\" href=\"https:\/\/kaefervergaser.de\/index.php\/produkt\/solex-vergaser-31-pict-4-vw-kaefer-1300-1302-1303-44-ps-generalueberholt-113129021k\/\" \/>\n<meta property=\"og:locale\" content=\"de_DE\" \/>\n<meta property=\"og:type\" content=\"article\" \/>\n<meta property=\"og:title\" content=\"Solex Vergaser 31 PICT-4 VW K\u00e4fer 1300 1302 1303 44 PS general\u00fcberholt 113129021K - K\u00e4fervergaser.de\" \/>\n<meta property=\"og:description\" content=\"Solex Vergaser 31 PICT-4 VW K\u00e4fer 1300 1302 1303 44 PS general\u00fcberholt 113129021 K\" \/>\n<meta property=\"og:url\" content=\"https:\/\/kaefervergaser.de\/index.php\/produkt\/solex-vergaser-31-pict-4-vw-kaefer-1300-1302-1303-44-ps-generalueberholt-113129021k\/\" \/>\n<meta property=\"og:site_name\" content=\"K\u00e4fervergaser.de\" \/>\n<meta property=\"article:modified_time\" content=\"2024-02-06T09:42:19+00:00\" \/>\n<meta property=\"og:image\" content=\"https:\/\/kaefervergaser.de\/wp-content\/uploads\/2023\/04\/IMG_2828-scaled.jpg\" \/>\n\t<meta property=\"og:image:width\" content=\"2560\" \/>\n\t<meta property=\"og:image:height\" content=\"1707\" \/>\n\t<meta property=\"og:image:type\" content=\"image\/jpeg\" \/>\n<meta name=\"twitter:card\" content=\"summary_large_image\" \/>\n<meta name=\"twitter:label1\" content=\"Gesch\u00e4tzte Lesezeit\" \/>\n\t<meta name=\"twitter:data1\" content=\"2\u00a0Minuten\" \/>\n<script type=\"application\/ld+json\" class=\"yoast-schema-graph\">{\"@context\":\"https:\\\/\\\/schema.org\",\"@graph\":[{\"@type\":\"WebPage\",\"@id\":\"https:\\\/\\\/kaefervergaser.de\\\/index.php\\\/produkt\\\/solex-vergaser-31-pict-4-vw-kaefer-1300-1302-1303-44-ps-generalueberholt-113129021k\\\/\",\"url\":\"https:\\\/\\\/kaefervergaser.de\\\/index.php\\\/produkt\\\/solex-vergaser-31-pict-4-vw-kaefer-1300-1302-1303-44-ps-generalueberholt-113129021k\\\/\",\"name\":\"Solex Vergaser 31 PICT-4 VW K\u00e4fer 1300 1302 1303 44 PS general\u00fcberholt 113129021K - K\u00e4fervergaser.de\",\"isPartOf\":{\"@id\":\"https:\\\/\\\/kaefervergaser.de\\\/#website\"},\"primaryImageOfPage\":{\"@id\":\"https:\\\/\\\/kaefervergaser.de\\\/index.php\\\/produkt\\\/solex-vergaser-31-pict-4-vw-kaefer-1300-1302-1303-44-ps-generalueberholt-113129021k\\\/#primaryimage\"},\"image\":{\"@id\":\"https:\\\/\\\/kaefervergaser.de\\\/index.php\\\/produkt\\\/solex-vergaser-31-pict-4-vw-kaefer-1300-1302-1303-44-ps-generalueberholt-113129021k\\\/#primaryimage\"},\"thumbnailUrl\":\"https:\\\/\\\/kaefervergaser.de\\\/wp-content\\\/uploads\\\/2023\\\/04\\\/IMG_2828-scaled.jpg\",\"datePublished\":\"2023-04-30T16:15:24+00:00\",\"dateModified\":\"2024-02-06T09:42:19+00:00\",\"description\":\"Solex Vergaser 31 PICT-4 VW K\u00e4fer 1300 1302 1303 44 PS general\u00fcberholt 113129021 K\",\"breadcrumb\":{\"@id\":\"https:\\\/\\\/kaefervergaser.de\\\/index.php\\\/produkt\\\/solex-vergaser-31-pict-4-vw-kaefer-1300-1302-1303-44-ps-generalueberholt-113129021k\\\/#breadcrumb\"},\"inLanguage\":\"de\",\"potentialAction\":[{\"@type\":\"ReadAction\",\"target\":[\"https:\\\/\\\/kaefervergaser.de\\\/index.php\\\/produkt\\\/solex-vergaser-31-pict-4-vw-kaefer-1300-1302-1303-44-ps-generalueberholt-113129021k\\\/\"]}]},{\"@type\":\"ImageObject\",\"inLanguage\":\"de\",\"@id\":\"https:\\\/\\\/kaefervergaser.de\\\/index.php\\\/produkt\\\/solex-vergaser-31-pict-4-vw-kaefer-1300-1302-1303-44-ps-generalueberholt-113129021k\\\/#primaryimage\",\"url\":\"https:\\\/\\\/kaefervergaser.de\\\/wp-content\\\/uploads\\\/2023\\\/04\\\/IMG_2828-scaled.jpg\",\"contentUrl\":\"https:\\\/\\\/kaefervergaser.de\\\/wp-content\\\/uploads\\\/2023\\\/04\\\/IMG_2828-scaled.jpg\",\"width\":2560,\"height\":1707,\"caption\":\"Solex Vergaser 31 PICT-4 VW K\u00e4fer 1300 1302 1303 44 PS general\u00fcberholt 113129021 K\"},{\"@type\":\"BreadcrumbList\",\"@id\":\"https:\\\/\\\/kaefervergaser.de\\\/index.php\\\/produkt\\\/solex-vergaser-31-pict-4-vw-kaefer-1300-1302-1303-44-ps-generalueberholt-113129021k\\\/#breadcrumb\",\"itemListElement\":[{\"@type\":\"ListItem\",\"position\":1,\"name\":\"Startseite\",\"item\":\"https:\\\/\\\/kaefervergaser.de\\\/\"},{\"@type\":\"ListItem\",\"position\":2,\"name\":\"Shop\",\"item\":\"https:\\\/\\\/kaefervergaser.de\\\/\"},{\"@type\":\"ListItem\",\"position\":3,\"name\":\"Solex Vergaser 31 PICT-4 VW K\u00e4fer 1300 1302 1303 44 PS general\u00fcberholt 113129021K\"}]},{\"@type\":\"WebSite\",\"@id\":\"https:\\\/\\\/kaefervergaser.de\\\/#website\",\"url\":\"https:\\\/\\\/kaefervergaser.de\\\/\",\"name\":\"K\u00e4fervergaser.de\",\"description\":\"Der Shop rund um VW K\u00e4fer-Vergaseranlagen\",\"publisher\":{\"@id\":\"https:\\\/\\\/kaefervergaser.de\\\/#organization\"},\"potentialAction\":[{\"@type\":\"SearchAction\",\"target\":{\"@type\":\"EntryPoint\",\"urlTemplate\":\"https:\\\/\\\/kaefervergaser.de\\\/?s={search_term_string}\"},\"query-input\":{\"@type\":\"PropertyValueSpecification\",\"valueRequired\":true,\"valueName\":\"search_term_string\"}}],\"inLanguage\":\"de\"},{\"@type\":\"Organization\",\"@id\":\"https:\\\/\\\/kaefervergaser.de\\\/#organization\",\"name\":\"K\u00e4fervergaser.de\",\"url\":\"https:\\\/\\\/kaefervergaser.de\\\/\",\"logo\":{\"@type\":\"ImageObject\",\"inLanguage\":\"de\",\"@id\":\"https:\\\/\\\/kaefervergaser.de\\\/#\\\/schema\\\/logo\\\/image\\\/\",\"url\":\"https:\\\/\\\/kaefervergaser.de\\\/wp-content\\\/uploads\\\/2021\\\/09\\\/6.jpg\",\"contentUrl\":\"https:\\\/\\\/kaefervergaser.de\\\/wp-content\\\/uploads\\\/2021\\\/09\\\/6.jpg\",\"width\":400,\"height\":267,\"caption\":\"K\u00e4fervergaser.de\"},\"image\":{\"@id\":\"https:\\\/\\\/kaefervergaser.de\\\/#\\\/schema\\\/logo\\\/image\\\/\"}}]}<\/script>\n<!-- \/ Yoast SEO plugin. -->","yoast_head_json":{"title":"Solex Vergaser 31 PICT-4 VW K\u00e4fer 1300 1302 1303 44 PS general\u00fcberholt 113129021K - K\u00e4fervergaser.de","description":"Solex Vergaser 31 PICT-4 VW K\u00e4fer 1300 1302 1303 44 PS general\u00fcberholt 113129021 K","robots":{"index":"index","follow":"follow","max-snippet":"max-snippet:-1","max-image-preview":"max-image-preview:large","max-video-preview":"max-video-preview:-1"},"canonical":"https:\/\/kaefervergaser.de\/index.php\/produkt\/solex-vergaser-31-pict-4-vw-kaefer-1300-1302-1303-44-ps-generalueberholt-113129021k\/","og_locale":"de_DE","og_type":"article","og_title":"Solex Vergaser 31 PICT-4 VW K\u00e4fer 1300 1302 1303 44 PS general\u00fcberholt 113129021K - K\u00e4fervergaser.de","og_description":"Solex Vergaser 31 PICT-4 VW K\u00e4fer 1300 1302 1303 44 PS general\u00fcberholt 113129021 K","og_url":"https:\/\/kaefervergaser.de\/index.php\/produkt\/solex-vergaser-31-pict-4-vw-kaefer-1300-1302-1303-44-ps-generalueberholt-113129021k\/","og_site_name":"K\u00e4fervergaser.de","article_modified_time":"2024-02-06T09:42:19+00:00","og_image":[{"width":2560,"height":1707,"url":"https:\/\/kaefervergaser.de\/wp-content\/uploads\/2023\/04\/IMG_2828-scaled.jpg","type":"image\/jpeg"}],"twitter_card":"summary_large_image","twitter_misc":{"Gesch\u00e4tzte Lesezeit":"2\u00a0Minuten"},"schema":{"@context":"https:\/\/schema.org","@graph":[{"@type":"WebPage","@id":"https:\/\/kaefervergaser.de\/index.php\/produkt\/solex-vergaser-31-pict-4-vw-kaefer-1300-1302-1303-44-ps-generalueberholt-113129021k\/","url":"https:\/\/kaefervergaser.de\/index.php\/produkt\/solex-vergaser-31-pict-4-vw-kaefer-1300-1302-1303-44-ps-generalueberholt-113129021k\/","name":"Solex Vergaser 31 PICT-4 VW K\u00e4fer 1300 1302 1303 44 PS general\u00fcberholt 113129021K - K\u00e4fervergaser.de","isPartOf":{"@id":"https:\/\/kaefervergaser.de\/#website"},"primaryImageOfPage":{"@id":"https:\/\/kaefervergaser.de\/index.php\/produkt\/solex-vergaser-31-pict-4-vw-kaefer-1300-1302-1303-44-ps-generalueberholt-113129021k\/#primaryimage"},"image":{"@id":"https:\/\/kaefervergaser.de\/index.php\/produkt\/solex-vergaser-31-pict-4-vw-kaefer-1300-1302-1303-44-ps-generalueberholt-113129021k\/#primaryimage"},"thumbnailUrl":"https:\/\/kaefervergaser.de\/wp-content\/uploads\/2023\/04\/IMG_2828-scaled.jpg","datePublished":"2023-04-30T16:15:24+00:00","dateModified":"2024-02-06T09:42:19+00:00","description":"Solex Vergaser 31 PICT-4 VW K\u00e4fer 1300 1302 1303 44 PS general\u00fcberholt 113129021 K","breadcrumb":{"@id":"https:\/\/kaefervergaser.de\/index.php\/produkt\/solex-vergaser-31-pict-4-vw-kaefer-1300-1302-1303-44-ps-generalueberholt-113129021k\/#breadcrumb"},"inLanguage":"de","potentialAction":[{"@type":"ReadAction","target":["https:\/\/kaefervergaser.de\/index.php\/produkt\/solex-vergaser-31-pict-4-vw-kaefer-1300-1302-1303-44-ps-generalueberholt-113129021k\/"]}]},{"@type":"ImageObject","inLanguage":"de","@id":"https:\/\/kaefervergaser.de\/index.php\/produkt\/solex-vergaser-31-pict-4-vw-kaefer-1300-1302-1303-44-ps-generalueberholt-113129021k\/#primaryimage","url":"https:\/\/kaefervergaser.de\/wp-content\/uploads\/2023\/04\/IMG_2828-scaled.jpg","contentUrl":"https:\/\/kaefervergaser.de\/wp-content\/uploads\/2023\/04\/IMG_2828-scaled.jpg","width":2560,"height":1707,"caption":"Solex Vergaser 31 PICT-4 VW K\u00e4fer 1300 1302 1303 44 PS general\u00fcberholt 113129021 K"},{"@type":"BreadcrumbList","@id":"https:\/\/kaefervergaser.de\/index.php\/produkt\/solex-vergaser-31-pict-4-vw-kaefer-1300-1302-1303-44-ps-generalueberholt-113129021k\/#breadcrumb","itemListElement":[{"@type":"ListItem","position":1,"name":"Startseite","item":"https:\/\/kaefervergaser.de\/"},{"@type":"ListItem","position":2,"name":"Shop","item":"https:\/\/kaefervergaser.de\/"},{"@type":"ListItem","position":3,"name":"Solex Vergaser 31 PICT-4 VW K\u00e4fer 1300 1302 1303 44 PS general\u00fcberholt 113129021K"}]},{"@type":"WebSite","@id":"https:\/\/kaefervergaser.de\/#website","url":"https:\/\/kaefervergaser.de\/","name":"K\u00e4fervergaser.de","description":"Der Shop rund um VW K\u00e4fer-Vergaseranlagen","publisher":{"@id":"https:\/\/kaefervergaser.de\/#organization"},"potentialAction":[{"@type":"SearchAction","target":{"@type":"EntryPoint","urlTemplate":"https:\/\/kaefervergaser.de\/?s={search_term_string}"},"query-input":{"@type":"PropertyValueSpecification","valueRequired":true,"valueName":"search_term_string"}}],"inLanguage":"de"},{"@type":"Organization","@id":"https:\/\/kaefervergaser.de\/#organization","name":"K\u00e4fervergaser.de","url":"https:\/\/kaefervergaser.de\/","logo":{"@type":"ImageObject","inLanguage":"de","@id":"https:\/\/kaefervergaser.de\/#\/schema\/logo\/image\/","url":"https:\/\/kaefervergaser.de\/wp-content\/uploads\/2021\/09\/6.jpg","contentUrl":"https:\/\/kaefervergaser.de\/wp-content\/uploads\/2021\/09\/6.jpg","width":400,"height":267,"caption":"K\u00e4fervergaser.de"},"image":{"@id":"https:\/\/kaefervergaser.de\/#\/schema\/logo\/image\/"}}]}},"_links":{"self":[{"href":"https:\/\/kaefervergaser.de\/index.php\/wp-json\/wp\/v2\/product\/3658","targetHints":{"allow":["GET"]}}],"collection":[{"href":"https:\/\/kaefervergaser.de\/index.php\/wp-json\/wp\/v2\/product"}],"about":[{"href":"https:\/\/kaefervergaser.de\/index.php\/wp-json\/wp\/v2\/types\/product"}],"wp:featuredmedia":[{"embeddable":true,"href":"https:\/\/kaefervergaser.de\/index.php\/wp-json\/wp\/v2\/media\/3659"}],"wp:attachment":[{"href":"https:\/\/kaefervergaser.de\/index.php\/wp-json\/wp\/v2\/media?parent=3658"}],"wp:term":[{"taxonomy":"product_brand","embeddable":true,"href":"https:\/\/kaefervergaser.de\/index.php\/wp-json\/wp\/v2\/product_brand?post=3658"},{"taxonomy":"product_cat","embeddable":true,"href":"https:\/\/kaefervergaser.de\/index.php\/wp-json\/wp\/v2\/product_cat?post=3658"},{"taxonomy":"product_tag","embeddable":true,"href":"https:\/\/kaefervergaser.de\/index.php\/wp-json\/wp\/v2\/product_tag?post=3658"}],"curies":[{"name":"wp","href":"https:\/\/api.w.org\/{rel}","templated":true}]}}