{"id":501,"date":"2017-11-12T16:52:43","date_gmt":"2017-11-12T15:52:43","guid":{"rendered":"https:\/\/kaefervergaser.de\/?post_type=product&#038;p=501"},"modified":"2025-12-15T18:05:38","modified_gmt":"2025-12-15T17:05:38","slug":"vergaserdeckeldichtung-solex-28-pict-30-pict-duenne-ausfuehrung","status":"publish","type":"product","link":"https:\/\/kaefervergaser.de\/index.php\/produkt\/vergaserdeckeldichtung-solex-28-pict-30-pict-duenne-ausfuehrung\/","title":{"rendered":"Vergaserdeckeldichtung Solex 28 PICT \/ 30 PICT (d\u00fcnne Ausf\u00fchrung)"},"content":{"rendered":"<div id=\"ds_div\">\n<h3 style=\"text-align: center;\" align=\"CENTER\"><span style=\"font-size: 12pt;\"><b>Vergaserdeckeldichtung<br \/>\n<\/b><\/span><\/h3>\n<h3 align=\"CENTER\"><span style=\"font-size: 12pt;\"><b>Neuware<br \/>\n<\/b><\/span><\/h3>\n<h3 align=\"CENTER\"><span style=\"font-size: 12pt;\"><b>Sehr gute Qualit\u00e4t<\/b><\/span><\/h3>\n<h3 style=\"text-align: center;\" align=\"CENTER\"><span style=\"font-size: 12pt;\"><b>Passend f\u00fcr Solex 28 PICT \/ 28 PICT-2 \/ 30 PICT-1<\/b><\/span><\/h3>\n<h3 style=\"text-align: center;\" align=\"center\"><span style=\"font-size: 12pt;\"><b>Dicke ca. 1,0mm<\/b><\/span><\/h3>\n<h5><b>\u00a0<\/b><\/h5>\n<p align=\"CENTER\"><b><img decoding=\"async\" class=\"thumbnail\" src=\"https:\/\/kaefervergaser.de\/wp-content\/uploads\/2021\/09\/6.jpg\" alt=\"\" \/><\/b><\/p>\n<\/div>\n<p>&nbsp;<\/p>\n","protected":false},"excerpt":{"rendered":"<h5><b><span style=\"font-size: 12pt;\">F\u00fcr Solex 28 PICT \/ 28 PICT-2 \/ 30 PICT-1<\/span><br \/>\n<\/b><\/h5>\n<h5><b>\u00a0<\/b><\/h5>\n","protected":false},"featured_media":502,"template":"","meta":{"colormag_page_container_layout":"default_layout","colormag_page_sidebar_layout":"default_layout"},"product_brand":[],"product_cat":[78,155],"product_tag":[],"class_list":{"0":"post-501","1":"product","2":"type-product","3":"status-publish","4":"has-post-thumbnail","6":"product_cat-dichtungen-membranen","7":"product_cat-solex-28-30-pict-1-12-30-34-ps","8":"product_shipping_class-briefversand_klein","10":"first","11":"instock","12":"shipping-taxable","13":"purchasable","14":"product-type-simple"},"yoast_head":"<!-- This site is optimized with the Yoast SEO plugin v27.6 - https:\/\/yoast.com\/product\/yoast-seo-wordpress\/ -->\n<title>Vergaserdeckeldichtung Solex 28 PICT \/ 30 PICT (d\u00fcnne Ausf\u00fchrung) - K\u00e4fervergaser.de<\/title>\n<meta name=\"description\" content=\"Vergaserdeckeldichtung Solex 28 PICT \/ 28 PICT-2 \/ 30 PICT-1 VW K\u00e4fer\" \/>\n<meta name=\"robots\" content=\"index, follow, max-snippet:-1, max-image-preview:large, max-video-preview:-1\" \/>\n<link rel=\"canonical\" href=\"https:\/\/kaefervergaser.de\/index.php\/produkt\/vergaserdeckeldichtung-solex-28-pict-30-pict-duenne-ausfuehrung\/\" \/>\n<meta property=\"og:locale\" content=\"de_DE\" \/>\n<meta property=\"og:type\" content=\"article\" \/>\n<meta property=\"og:title\" content=\"Vergaserdeckeldichtung Solex 28 PICT \/ 30 PICT (d\u00fcnne Ausf\u00fchrung) - K\u00e4fervergaser.de\" \/>\n<meta property=\"og:description\" content=\"Vergaserdeckeldichtung Solex 28 PICT \/ 28 PICT-2 \/ 30 PICT-1 VW K\u00e4fer\" \/>\n<meta property=\"og:url\" content=\"https:\/\/kaefervergaser.de\/index.php\/produkt\/vergaserdeckeldichtung-solex-28-pict-30-pict-duenne-ausfuehrung\/\" \/>\n<meta property=\"og:site_name\" content=\"K\u00e4fervergaser.de\" \/>\n<meta property=\"article:modified_time\" content=\"2025-12-15T17:05:38+00:00\" \/>\n<meta property=\"og:image\" content=\"https:\/\/kaefervergaser.de\/wp-content\/uploads\/2017\/11\/DSC02018.jpg\" \/>\n\t<meta property=\"og:image:width\" content=\"1280\" \/>\n\t<meta property=\"og:image:height\" content=\"960\" \/>\n\t<meta property=\"og:image:type\" content=\"image\/jpeg\" \/>\n<meta name=\"twitter:card\" content=\"summary_large_image\" \/>\n<meta name=\"twitter:label1\" content=\"Gesch\u00e4tzte Lesezeit\" \/>\n\t<meta name=\"twitter:data1\" content=\"1\u00a0Minute\" \/>\n<script type=\"application\/ld+json\" class=\"yoast-schema-graph\">{\"@context\":\"https:\\\/\\\/schema.org\",\"@graph\":[{\"@type\":\"WebPage\",\"@id\":\"https:\\\/\\\/kaefervergaser.de\\\/index.php\\\/produkt\\\/vergaserdeckeldichtung-solex-28-pict-30-pict-duenne-ausfuehrung\\\/\",\"url\":\"https:\\\/\\\/kaefervergaser.de\\\/index.php\\\/produkt\\\/vergaserdeckeldichtung-solex-28-pict-30-pict-duenne-ausfuehrung\\\/\",\"name\":\"Vergaserdeckeldichtung Solex 28 PICT \\\/ 30 PICT (d\u00fcnne Ausf\u00fchrung) - K\u00e4fervergaser.de\",\"isPartOf\":{\"@id\":\"https:\\\/\\\/kaefervergaser.de\\\/#website\"},\"primaryImageOfPage\":{\"@id\":\"https:\\\/\\\/kaefervergaser.de\\\/index.php\\\/produkt\\\/vergaserdeckeldichtung-solex-28-pict-30-pict-duenne-ausfuehrung\\\/#primaryimage\"},\"image\":{\"@id\":\"https:\\\/\\\/kaefervergaser.de\\\/index.php\\\/produkt\\\/vergaserdeckeldichtung-solex-28-pict-30-pict-duenne-ausfuehrung\\\/#primaryimage\"},\"thumbnailUrl\":\"https:\\\/\\\/kaefervergaser.de\\\/wp-content\\\/uploads\\\/2017\\\/11\\\/DSC02018.jpg\",\"datePublished\":\"2017-11-12T15:52:43+00:00\",\"dateModified\":\"2025-12-15T17:05:38+00:00\",\"description\":\"Vergaserdeckeldichtung Solex 28 PICT \\\/ 28 PICT-2 \\\/ 30 PICT-1 VW K\u00e4fer\",\"breadcrumb\":{\"@id\":\"https:\\\/\\\/kaefervergaser.de\\\/index.php\\\/produkt\\\/vergaserdeckeldichtung-solex-28-pict-30-pict-duenne-ausfuehrung\\\/#breadcrumb\"},\"inLanguage\":\"de\",\"potentialAction\":[{\"@type\":\"ReadAction\",\"target\":[\"https:\\\/\\\/kaefervergaser.de\\\/index.php\\\/produkt\\\/vergaserdeckeldichtung-solex-28-pict-30-pict-duenne-ausfuehrung\\\/\"]}]},{\"@type\":\"ImageObject\",\"inLanguage\":\"de\",\"@id\":\"https:\\\/\\\/kaefervergaser.de\\\/index.php\\\/produkt\\\/vergaserdeckeldichtung-solex-28-pict-30-pict-duenne-ausfuehrung\\\/#primaryimage\",\"url\":\"https:\\\/\\\/kaefervergaser.de\\\/wp-content\\\/uploads\\\/2017\\\/11\\\/DSC02018.jpg\",\"contentUrl\":\"https:\\\/\\\/kaefervergaser.de\\\/wp-content\\\/uploads\\\/2017\\\/11\\\/DSC02018.jpg\",\"width\":1280,\"height\":960,\"caption\":\"Vergaserdeckeldichtung Solex 28 PICT \\\/ 30 PICT\"},{\"@type\":\"BreadcrumbList\",\"@id\":\"https:\\\/\\\/kaefervergaser.de\\\/index.php\\\/produkt\\\/vergaserdeckeldichtung-solex-28-pict-30-pict-duenne-ausfuehrung\\\/#breadcrumb\",\"itemListElement\":[{\"@type\":\"ListItem\",\"position\":1,\"name\":\"Startseite\",\"item\":\"https:\\\/\\\/kaefervergaser.de\\\/\"},{\"@type\":\"ListItem\",\"position\":2,\"name\":\"Shop\",\"item\":\"https:\\\/\\\/kaefervergaser.de\\\/\"},{\"@type\":\"ListItem\",\"position\":3,\"name\":\"Vergaserdeckeldichtung Solex 28 PICT \\\/ 30 PICT (d\u00fcnne Ausf\u00fchrung)\"}]},{\"@type\":\"WebSite\",\"@id\":\"https:\\\/\\\/kaefervergaser.de\\\/#website\",\"url\":\"https:\\\/\\\/kaefervergaser.de\\\/\",\"name\":\"K\u00e4fervergaser.de\",\"description\":\"Der Shop rund um VW K\u00e4fer-Vergaseranlagen\",\"publisher\":{\"@id\":\"https:\\\/\\\/kaefervergaser.de\\\/#organization\"},\"potentialAction\":[{\"@type\":\"SearchAction\",\"target\":{\"@type\":\"EntryPoint\",\"urlTemplate\":\"https:\\\/\\\/kaefervergaser.de\\\/?s={search_term_string}\"},\"query-input\":{\"@type\":\"PropertyValueSpecification\",\"valueRequired\":true,\"valueName\":\"search_term_string\"}}],\"inLanguage\":\"de\"},{\"@type\":\"Organization\",\"@id\":\"https:\\\/\\\/kaefervergaser.de\\\/#organization\",\"name\":\"K\u00e4fervergaser.de\",\"url\":\"https:\\\/\\\/kaefervergaser.de\\\/\",\"logo\":{\"@type\":\"ImageObject\",\"inLanguage\":\"de\",\"@id\":\"https:\\\/\\\/kaefervergaser.de\\\/#\\\/schema\\\/logo\\\/image\\\/\",\"url\":\"https:\\\/\\\/kaefervergaser.de\\\/wp-content\\\/uploads\\\/2021\\\/09\\\/6.jpg\",\"contentUrl\":\"https:\\\/\\\/kaefervergaser.de\\\/wp-content\\\/uploads\\\/2021\\\/09\\\/6.jpg\",\"width\":400,\"height\":267,\"caption\":\"K\u00e4fervergaser.de\"},\"image\":{\"@id\":\"https:\\\/\\\/kaefervergaser.de\\\/#\\\/schema\\\/logo\\\/image\\\/\"}}]}<\/script>\n<!-- \/ Yoast SEO plugin. -->","yoast_head_json":{"title":"Vergaserdeckeldichtung Solex 28 PICT \/ 30 PICT (d\u00fcnne Ausf\u00fchrung) - K\u00e4fervergaser.de","description":"Vergaserdeckeldichtung Solex 28 PICT \/ 28 PICT-2 \/ 30 PICT-1 VW K\u00e4fer","robots":{"index":"index","follow":"follow","max-snippet":"max-snippet:-1","max-image-preview":"max-image-preview:large","max-video-preview":"max-video-preview:-1"},"canonical":"https:\/\/kaefervergaser.de\/index.php\/produkt\/vergaserdeckeldichtung-solex-28-pict-30-pict-duenne-ausfuehrung\/","og_locale":"de_DE","og_type":"article","og_title":"Vergaserdeckeldichtung Solex 28 PICT \/ 30 PICT (d\u00fcnne Ausf\u00fchrung) - K\u00e4fervergaser.de","og_description":"Vergaserdeckeldichtung Solex 28 PICT \/ 28 PICT-2 \/ 30 PICT-1 VW K\u00e4fer","og_url":"https:\/\/kaefervergaser.de\/index.php\/produkt\/vergaserdeckeldichtung-solex-28-pict-30-pict-duenne-ausfuehrung\/","og_site_name":"K\u00e4fervergaser.de","article_modified_time":"2025-12-15T17:05:38+00:00","og_image":[{"width":1280,"height":960,"url":"https:\/\/kaefervergaser.de\/wp-content\/uploads\/2017\/11\/DSC02018.jpg","type":"image\/jpeg"}],"twitter_card":"summary_large_image","twitter_misc":{"Gesch\u00e4tzte Lesezeit":"1\u00a0Minute"},"schema":{"@context":"https:\/\/schema.org","@graph":[{"@type":"WebPage","@id":"https:\/\/kaefervergaser.de\/index.php\/produkt\/vergaserdeckeldichtung-solex-28-pict-30-pict-duenne-ausfuehrung\/","url":"https:\/\/kaefervergaser.de\/index.php\/produkt\/vergaserdeckeldichtung-solex-28-pict-30-pict-duenne-ausfuehrung\/","name":"Vergaserdeckeldichtung Solex 28 PICT \/ 30 PICT (d\u00fcnne Ausf\u00fchrung) - K\u00e4fervergaser.de","isPartOf":{"@id":"https:\/\/kaefervergaser.de\/#website"},"primaryImageOfPage":{"@id":"https:\/\/kaefervergaser.de\/index.php\/produkt\/vergaserdeckeldichtung-solex-28-pict-30-pict-duenne-ausfuehrung\/#primaryimage"},"image":{"@id":"https:\/\/kaefervergaser.de\/index.php\/produkt\/vergaserdeckeldichtung-solex-28-pict-30-pict-duenne-ausfuehrung\/#primaryimage"},"thumbnailUrl":"https:\/\/kaefervergaser.de\/wp-content\/uploads\/2017\/11\/DSC02018.jpg","datePublished":"2017-11-12T15:52:43+00:00","dateModified":"2025-12-15T17:05:38+00:00","description":"Vergaserdeckeldichtung Solex 28 PICT \/ 28 PICT-2 \/ 30 PICT-1 VW K\u00e4fer","breadcrumb":{"@id":"https:\/\/kaefervergaser.de\/index.php\/produkt\/vergaserdeckeldichtung-solex-28-pict-30-pict-duenne-ausfuehrung\/#breadcrumb"},"inLanguage":"de","potentialAction":[{"@type":"ReadAction","target":["https:\/\/kaefervergaser.de\/index.php\/produkt\/vergaserdeckeldichtung-solex-28-pict-30-pict-duenne-ausfuehrung\/"]}]},{"@type":"ImageObject","inLanguage":"de","@id":"https:\/\/kaefervergaser.de\/index.php\/produkt\/vergaserdeckeldichtung-solex-28-pict-30-pict-duenne-ausfuehrung\/#primaryimage","url":"https:\/\/kaefervergaser.de\/wp-content\/uploads\/2017\/11\/DSC02018.jpg","contentUrl":"https:\/\/kaefervergaser.de\/wp-content\/uploads\/2017\/11\/DSC02018.jpg","width":1280,"height":960,"caption":"Vergaserdeckeldichtung Solex 28 PICT \/ 30 PICT"},{"@type":"BreadcrumbList","@id":"https:\/\/kaefervergaser.de\/index.php\/produkt\/vergaserdeckeldichtung-solex-28-pict-30-pict-duenne-ausfuehrung\/#breadcrumb","itemListElement":[{"@type":"ListItem","position":1,"name":"Startseite","item":"https:\/\/kaefervergaser.de\/"},{"@type":"ListItem","position":2,"name":"Shop","item":"https:\/\/kaefervergaser.de\/"},{"@type":"ListItem","position":3,"name":"Vergaserdeckeldichtung Solex 28 PICT \/ 30 PICT (d\u00fcnne Ausf\u00fchrung)"}]},{"@type":"WebSite","@id":"https:\/\/kaefervergaser.de\/#website","url":"https:\/\/kaefervergaser.de\/","name":"K\u00e4fervergaser.de","description":"Der Shop rund um VW K\u00e4fer-Vergaseranlagen","publisher":{"@id":"https:\/\/kaefervergaser.de\/#organization"},"potentialAction":[{"@type":"SearchAction","target":{"@type":"EntryPoint","urlTemplate":"https:\/\/kaefervergaser.de\/?s={search_term_string}"},"query-input":{"@type":"PropertyValueSpecification","valueRequired":true,"valueName":"search_term_string"}}],"inLanguage":"de"},{"@type":"Organization","@id":"https:\/\/kaefervergaser.de\/#organization","name":"K\u00e4fervergaser.de","url":"https:\/\/kaefervergaser.de\/","logo":{"@type":"ImageObject","inLanguage":"de","@id":"https:\/\/kaefervergaser.de\/#\/schema\/logo\/image\/","url":"https:\/\/kaefervergaser.de\/wp-content\/uploads\/2021\/09\/6.jpg","contentUrl":"https:\/\/kaefervergaser.de\/wp-content\/uploads\/2021\/09\/6.jpg","width":400,"height":267,"caption":"K\u00e4fervergaser.de"},"image":{"@id":"https:\/\/kaefervergaser.de\/#\/schema\/logo\/image\/"}}]}},"_links":{"self":[{"href":"https:\/\/kaefervergaser.de\/index.php\/wp-json\/wp\/v2\/product\/501","targetHints":{"allow":["GET"]}}],"collection":[{"href":"https:\/\/kaefervergaser.de\/index.php\/wp-json\/wp\/v2\/product"}],"about":[{"href":"https:\/\/kaefervergaser.de\/index.php\/wp-json\/wp\/v2\/types\/product"}],"wp:featuredmedia":[{"embeddable":true,"href":"https:\/\/kaefervergaser.de\/index.php\/wp-json\/wp\/v2\/media\/502"}],"wp:attachment":[{"href":"https:\/\/kaefervergaser.de\/index.php\/wp-json\/wp\/v2\/media?parent=501"}],"wp:term":[{"taxonomy":"product_brand","embeddable":true,"href":"https:\/\/kaefervergaser.de\/index.php\/wp-json\/wp\/v2\/product_brand?post=501"},{"taxonomy":"product_cat","embeddable":true,"href":"https:\/\/kaefervergaser.de\/index.php\/wp-json\/wp\/v2\/product_cat?post=501"},{"taxonomy":"product_tag","embeddable":true,"href":"https:\/\/kaefervergaser.de\/index.php\/wp-json\/wp\/v2\/product_tag?post=501"}],"curies":[{"name":"wp","href":"https:\/\/api.w.org\/{rel}","templated":true}]}}